{"id":89,"date":"2024-02-25T14:17:07","date_gmt":"2024-02-25T12:17:07","guid":{"rendered":"https:\/\/www.charlas.fi\/?page_id=89"},"modified":"2025-05-02T09:25:11","modified_gmt":"2025-05-02T07:25:11","slug":"om-mig","status":"publish","type":"page","link":"https:\/\/www.charlas.fi\/fi\/om-mig\/","title":{"rendered":"Minusta"},"content":{"rendered":"<div class=\"wp-block-group alignfull has-accent-background-color has-background has-global-padding is-layout-constrained wp-container-core-group-is-layout-669513ed wp-block-group-is-layout-constrained\" style=\"margin-top:0;margin-bottom:0;padding-top:var(--wp--preset--spacing--50);padding-right:var(--wp--preset--spacing--50);padding-bottom:var(--wp--preset--spacing--50);padding-left:var(--wp--preset--spacing--50)\">\n<div class=\"wp-block-columns alignwide is-layout-flex wp-container-core-columns-is-layout-1da03c2a wp-block-columns-is-layout-flex\">\n<div class=\"wp-block-column is-vertically-aligned-stretch is-layout-flow wp-block-column-is-layout-flow\" style=\"flex-basis:50%\">\n<div class=\"wp-block-group is-vertical is-content-justification-stretch is-layout-flex wp-container-core-group-is-layout-444d5ee8 wp-block-group-is-layout-flex\" style=\"min-height:100%\">\n<figure class=\"wp-block-image size-large\"><img loading=\"lazy\" decoding=\"async\" width=\"1024\" height=\"768\" src=\"http:\/\/www.charlas.fi\/wp-content\/uploads\/2024\/03\/KBTJATTEFINTANKER-1024x768.jpg\" alt=\"Certifierad kognitiv beteendeterapeut\" class=\"wp-image-414\" srcset=\"https:\/\/www.charlas.fi\/wp-content\/uploads\/2024\/03\/KBTJATTEFINTANKER-1024x768.jpg 1024w, https:\/\/www.charlas.fi\/wp-content\/uploads\/2024\/03\/KBTJATTEFINTANKER-300x225.jpg 300w, https:\/\/www.charlas.fi\/wp-content\/uploads\/2024\/03\/KBTJATTEFINTANKER-768x576.jpg 768w, https:\/\/www.charlas.fi\/wp-content\/uploads\/2024\/03\/KBTJATTEFINTANKER-1536x1153.jpg 1536w, https:\/\/www.charlas.fi\/wp-content\/uploads\/2024\/03\/KBTJATTEFINTANKER-2048x1537.jpg 2048w, https:\/\/www.charlas.fi\/wp-content\/uploads\/2024\/03\/KBTJATTEFINTANKER-16x12.jpg 16w\" sizes=\"auto, (max-width: 1024px) 100vw, 1024px\" \/><figcaption class=\"wp-element-caption\">Sertifioitu KKT-terapeutti Paola Dadda<\/figcaption><\/figure>\n\n\n\n<p class=\"wp-container-content-0733e5d0\">Kaikki ihmiset kokevat el\u00e4m\u00e4ss\u00e4\u00e4n haastavia ajanjaksoja, jolloin he kokevat huolta, ahdistusta ja stressi\u00e4. Hyv\u00e4 uutinen on, ett\u00e4 kaikilla on mahdollisuus oppia k\u00e4sittelem\u00e4\u00e4n n\u00e4it\u00e4 haasteita, vahvistua ja el\u00e4\u00e4 hyv\u00e4\u00e4 el\u00e4m\u00e4\u00e4. <br><br>Minusta tuli KKT-terapeutti, koska haluan auttaa ihmisi\u00e4 tuntemaan olonsa hyv\u00e4ksi, onnellisemmaksi ja tyytyv\u00e4isemm\u00e4ksi el\u00e4m\u00e4\u00e4n. <br>KKT-menetelm\u00e4n avulla voin opettaa konkreettisia tekniikoita, joiden avulla voit luoda my\u00f6nteisi\u00e4 muutoksia el\u00e4m\u00e4\u00e4si, kehitt\u00e4\u00e4 suurempaa luottamusta omiin kykyihisi ja vahvistaa my\u00f6t\u00e4tuntoa itse\u00e4si kohtaan. <br>Mielest\u00e4ni on t\u00e4rke\u00e4\u00e4 tutustua itseemme ja ymm\u00e4rt\u00e4\u00e4, keit\u00e4 olemme, miksi ajattelemme, tunnemme ja k\u00e4ytt\u00e4ydymme niin kuin teemme. <br>On t\u00e4rke\u00e4\u00e4 muistaa, ett\u00e4 kaikki ihmiset ovat erilaisia, ajattelemme, tunnemme ja k\u00e4ytt\u00e4ydymme eri tavoin.  Kun ymm\u00e4rr\u00e4mme itse\u00e4mme, pystymme paremmin ymm\u00e4rt\u00e4m\u00e4\u00e4n muita. <br><br>Terapeuttina olen reseptiivinen, empaattinen ja hyv\u00e4 sopeutumaan erilaisiin persoonallisuuksiin ja tilanteisiin. <br>Tarjoan ennaltaehk\u00e4isev\u00e4\u00e4 ja voimaannuttavaa ohjausta. <br><br>Voin tarjota terapiaa ruotsiksi, suomeksi, espanjaksi ja englanniksi.<br><br>Ota rohkeasti yhteytt\u00e4, <br>Paola Dadda<br>Sertifioitu KKT-terapeutti <br>paola.dadda@charlas.fi<br><\/p>\n\n\n\n<div class=\"wp-block-group has-global-padding is-layout-constrained wp-block-group-is-layout-constrained\">\n<div class=\"wp-block-buttons is-layout-flex wp-block-buttons-is-layout-flex\">\n<div class=\"wp-block-button\"><a class=\"wp-block-button__link wp-element-button\" href=\"https:\/\/www.charlas.fi\/fi\/ta-kontakt\/\">Varaa aika <\/a><\/div>\n<\/div>\n<\/div>\n<\/div>\n<\/div>\n\n\n\n<div class=\"wp-block-column is-vertically-aligned-center is-layout-flow wp-block-column-is-layout-flow\" style=\"flex-basis:50%\"><\/div>\n<\/div>\n<\/div>\n\n\n\n<h2 class=\"wp-block-heading\">Koulutus<\/h2>\n\n\n\n<ul class=\"wp-block-list\">\n<li><strong>Sertifioitu kognitiivinen k\u00e4ytt\u00e4yttymisterapeutti<\/strong> IPHM (International Practitioners of Holistic Medicine)<\/li>\n\n\n\n<li><strong>Sertifioitu parisuhde-\/suhdeterapeutti<\/strong> IPHM (International Practitioners of Holistic Medicine)<\/li>\n\n\n\n<li>Muksuoppi ohjaaja. Ben Furman\/ Oppimaa. <\/li>\n\n\n\n<li>Organisaatiopsykologia (25 opintopistett\u00e4 \u00c5A) <\/li>\n\n\n\n<li>Ty\u00f6hyvinvointikortti\u00ae.\nTy\u00f6turvallisuuskeskus. <\/li>\n\n\n\n<li>Sosiaalisen median koordinaattori. IT-H\u00f6gskolan.<\/li>\n\n\n\n<li>Medianomi (AMK) ARCADA. <\/li>\n<\/ul>\n\n\n\n<h2 class=\"wp-block-heading\">Luottamuksellisuus ja asiakastiedot<\/h2>\n\n\n\n<p>Se, mit\u00e4 keskusteluissa sanotaan, on asiakkaan ja minun v\u00e4linen asia. Terapiadokumentaatioita ei tallennetaan s\u00e4hk\u00f6iseen tietokantaan. Salassapitovelvollisuus voidaan rikkoa vain tapauksissa, joissa ep\u00e4ill\u00e4\u00e4n rikosta tai hengenvaaraa.&nbsp;<\/p>\n\n\n\n<div class=\"wp-block-group alignfull is-layout-flow wp-block-group-is-layout-flow\">\n<div class=\"wp-block-group alignfull author-introduction-pattern has-global-padding is-layout-constrained wp-container-core-group-is-layout-44f9b493 wp-block-group-is-layout-constrained\" style=\"margin-top:0;margin-bottom:0;padding-top:var(--wp--preset--spacing--superbspacing-xxlarge);padding-right:var(--wp--preset--spacing--superbspacing-small);padding-bottom:var(--wp--preset--spacing--superbspacing-xxlarge);padding-left:var(--wp--preset--spacing--superbspacing-small)\">\n<div class=\"wp-block-group has-global-padding is-layout-constrained wp-container-core-group-is-layout-85cc789f wp-block-group-is-layout-constrained\">\n<p class=\"has-superbfont-small-font-size\"><br><\/p>\n<\/div>\n<\/div>\n<\/div>","protected":false},"excerpt":{"rendered":"<p>Alla m\u00e4nniskor g\u00e5r genom utmanande perioder i livet under vilka man upplever oro, \u00e5ngest och stress. Det positiva \u00e4r att alla har f\u00f6ruts\u00e4ttningar f\u00f6r att l\u00e4ra sig att hantera dessa utmaningar, bli starkare och leva ett gott liv. Jag blev KBT -terapeut f\u00f6r att jag vill hj\u00e4lpa m\u00e4nniskor att m\u00e5 bra, k\u00e4nna sig gladare och [&hellip;]<\/p>\n","protected":false},"author":1,"featured_media":0,"parent":0,"menu_order":0,"comment_status":"closed","ping_status":"closed","template":"","meta":{"footnotes":""},"class_list":["post-89","page","type-page","status-publish","hentry"],"_links":{"self":[{"href":"https:\/\/www.charlas.fi\/fi\/wp-json\/wp\/v2\/pages\/89","targetHints":{"allow":["GET"]}}],"collection":[{"href":"https:\/\/www.charlas.fi\/fi\/wp-json\/wp\/v2\/pages"}],"about":[{"href":"https:\/\/www.charlas.fi\/fi\/wp-json\/wp\/v2\/types\/page"}],"author":[{"embeddable":true,"href":"https:\/\/www.charlas.fi\/fi\/wp-json\/wp\/v2\/users\/1"}],"replies":[{"embeddable":true,"href":"https:\/\/www.charlas.fi\/fi\/wp-json\/wp\/v2\/comments?post=89"}],"version-history":[{"count":39,"href":"https:\/\/www.charlas.fi\/fi\/wp-json\/wp\/v2\/pages\/89\/revisions"}],"predecessor-version":[{"id":502,"href":"https:\/\/www.charlas.fi\/fi\/wp-json\/wp\/v2\/pages\/89\/revisions\/502"}],"wp:attachment":[{"href":"https:\/\/www.charlas.fi\/fi\/wp-json\/wp\/v2\/media?parent=89"}],"curies":[{"name":"wp","href":"https:\/\/api.w.org\/{rel}","templated":true}]}}