{"id":641,"date":"2026-04-09T14:31:46","date_gmt":"2026-04-09T12:31:46","guid":{"rendered":"https:\/\/www.charlas.fi\/?page_id=641"},"modified":"2026-04-12T18:59:01","modified_gmt":"2026-04-12T16:59:01","slug":"blogg","status":"publish","type":"page","link":"https:\/\/www.charlas.fi\/fi\/blogg\/","title":{"rendered":"Blogi"},"content":{"rendered":"<div class=\"wp-block-group alignwide is-style-superbaddons-card is-vertical is-layout-flex wp-container-core-group-is-layout-fe9cc265 wp-block-group-is-layout-flex\">\n<figure class=\"wp-block-image size-full is-resized wp-duotone-unset-1\"><a href=\"https:\/\/www.charlas.fi\/wp-admin\/post.php?post=656&amp;action=edit\"><img loading=\"lazy\" decoding=\"async\" width=\"2048\" height=\"2048\" src=\"https:\/\/www.charlas.fi\/wp-content\/uploads\/2026\/04\/Photoroom_20260409_151257-1.jpeg\" alt=\"\" class=\"wp-image-660\" style=\"width:239px;height:auto\" srcset=\"https:\/\/www.charlas.fi\/wp-content\/uploads\/2026\/04\/Photoroom_20260409_151257-1.jpeg 2048w, https:\/\/www.charlas.fi\/wp-content\/uploads\/2026\/04\/Photoroom_20260409_151257-1-300x300.jpeg 300w, https:\/\/www.charlas.fi\/wp-content\/uploads\/2026\/04\/Photoroom_20260409_151257-1-1024x1024.jpeg 1024w, https:\/\/www.charlas.fi\/wp-content\/uploads\/2026\/04\/Photoroom_20260409_151257-1-150x150.jpeg 150w, https:\/\/www.charlas.fi\/wp-content\/uploads\/2026\/04\/Photoroom_20260409_151257-1-768x768.jpeg 768w, https:\/\/www.charlas.fi\/wp-content\/uploads\/2026\/04\/Photoroom_20260409_151257-1-1536x1536.jpeg 1536w, https:\/\/www.charlas.fi\/wp-content\/uploads\/2026\/04\/Photoroom_20260409_151257-1-12x12.jpeg 12w\" sizes=\"auto, (max-width: 2048px) 100vw, 2048px\" \/><\/a><\/figure>\n<\/div>\n\n\n\n<p><strong><a href=\"https:\/\/www.charlas.fi\/fi\/sorgen-ingen-pratar-om-att-vara-foralder-pa-halvtid\/\" data-type=\"page\" data-id=\"656\" target=\"_blank\" rel=\"noreferrer noopener\">Surusta, josta ei puhuta: kun on vanhempi vain osan ajasta<\/a><\/strong><\/p>\n\n\n\n<div class=\"wp-block-group alignwide is-style-superbaddons-card is-vertical is-layout-flex wp-container-core-group-is-layout-fe9cc265 wp-block-group-is-layout-flex\">\n<figure class=\"wp-block-image size-full is-resized wp-duotone-unset-2\"><a href=\"https:\/\/www.charlas.fi\/fi\/nar-livet-behover-mer-utrymme-an-instagram-kan-ge\/\"><img loading=\"lazy\" decoding=\"async\" width=\"640\" height=\"640\" src=\"https:\/\/www.charlas.fi\/wp-content\/uploads\/2026\/04\/Photoroom_20260409_151353.jpeg\" alt=\"\" class=\"wp-image-643\" style=\"width:239px;height:auto\" srcset=\"https:\/\/www.charlas.fi\/wp-content\/uploads\/2026\/04\/Photoroom_20260409_151353.jpeg 640w, https:\/\/www.charlas.fi\/wp-content\/uploads\/2026\/04\/Photoroom_20260409_151353-300x300.jpeg 300w, https:\/\/www.charlas.fi\/wp-content\/uploads\/2026\/04\/Photoroom_20260409_151353-150x150.jpeg 150w, https:\/\/www.charlas.fi\/wp-content\/uploads\/2026\/04\/Photoroom_20260409_151353-12x12.jpeg 12w\" sizes=\"auto, (max-width: 640px) 100vw, 640px\" \/><\/a><\/figure>\n<\/div>\n\n\n\n<p><strong><a href=\"https:\/\/www.charlas.fi\/fi\/nar-livet-behover-mer-utrymme-an-instagram-kan-ge\/\" data-type=\"page\" data-id=\"651\">Kun el\u00e4m\u00e4 tarvitsee enemm\u00e4n tilaa kuin Instagram voi antaa<\/a><\/strong><\/p>\n\n\n\n<p><\/p>\n\n\n\n<p><\/p>","protected":false},"excerpt":{"rendered":"<p>Sorgen ingen pratar om: att vara f\u00f6r\u00e4lder p\u00e5 halvtid N\u00e4r livet beh\u00f6ver mer utrymme \u00e4n Instagram kan ge<\/p>","protected":false},"author":1,"featured_media":0,"parent":0,"menu_order":0,"comment_status":"closed","ping_status":"closed","template":"","meta":{"footnotes":""},"class_list":["post-641","page","type-page","status-publish","hentry"],"_links":{"self":[{"href":"https:\/\/www.charlas.fi\/fi\/wp-json\/wp\/v2\/pages\/641","targetHints":{"allow":["GET"]}}],"collection":[{"href":"https:\/\/www.charlas.fi\/fi\/wp-json\/wp\/v2\/pages"}],"about":[{"href":"https:\/\/www.charlas.fi\/fi\/wp-json\/wp\/v2\/types\/page"}],"author":[{"embeddable":true,"href":"https:\/\/www.charlas.fi\/fi\/wp-json\/wp\/v2\/users\/1"}],"replies":[{"embeddable":true,"href":"https:\/\/www.charlas.fi\/fi\/wp-json\/wp\/v2\/comments?post=641"}],"version-history":[{"count":11,"href":"https:\/\/www.charlas.fi\/fi\/wp-json\/wp\/v2\/pages\/641\/revisions"}],"predecessor-version":[{"id":671,"href":"https:\/\/www.charlas.fi\/fi\/wp-json\/wp\/v2\/pages\/641\/revisions\/671"}],"wp:attachment":[{"href":"https:\/\/www.charlas.fi\/fi\/wp-json\/wp\/v2\/media?parent=641"}],"curies":[{"name":"wp","href":"https:\/\/api.w.org\/{rel}","templated":true}]}}