{"id":385,"date":"2024-03-03T12:53:10","date_gmt":"2024-03-03T10:53:10","guid":{"rendered":"https:\/\/www.charlas.fi\/?page_id=385"},"modified":"2024-03-03T20:42:55","modified_gmt":"2024-03-03T18:42:55","slug":"vem-gar-i-terapi","status":"publish","type":"page","link":"https:\/\/www.charlas.fi\/fi\/vem-gar-i-terapi\/","title":{"rendered":"Kuka k\u00e4y terapiassa?"},"content":{"rendered":"<p>Terapeutin puoleen k\u00e4\u00e4ntymiseen on monia syit\u00e4. Useimmilla terapiaan menevill\u00e4 ihmisill\u00e4 on ongelmia, joita on vaikea ratkaista omin voimin. <br>Siihen liittyy usein suuri el\u00e4m\u00e4nmuutos, pitk\u00e4aikainen stressi ja uupumus. Siihen voi liitty\u00e4 ahdistusta, huolta, suuria konflikteja, kriisej\u00e4, pelkoja, v\u00e4\u00e4ristynyt min\u00e4kuva ja tunne el\u00e4m\u00e4nhallinnan menett\u00e4misest\u00e4. <br>Toisilla terapiaan hakeutuvilla ei ole erityisi\u00e4 vaikeuksia, vaan he haluavat kehitty\u00e4 henkil\u00f6kohtaisesti ja haluavat toteuttaa potentiaalinsa. <br><br>Kaikilla terapiaan hakeutuvilla on yksi yhteinen asia: halu parempaan mielenterveyteen, sek\u00e4 parempaa suhdetta itseens\u00e4 ja parempi yhteys ja suhde muihin ihmisiin.&nbsp;<br><br>Terapia on tapa tutustua itseens\u00e4, muuttaa el\u00e4m\u00e4ntilannettaan, kehitty\u00e4 ihmisen\u00e4 ja ottaa vastuuta ja hallita hyvinvointiaan. <br><br><br><strong><em>Tarvitsetko terapiaa tai ohjaavaa ja innostavaa keskustelua? <\/em><\/strong><\/p>\n\n\n\n<p><strong><a href=\"https:\/\/www.charlas.fi\/fi\/ta-kontakt\/\" data-type=\"page\" data-id=\"159\"><mark style=\"background-color:#000000\" class=\"has-inline-color has-contrast-light-color\">TA KONTAKT <\/mark><\/a><\/strong><\/p>","protected":false},"excerpt":{"rendered":"<p>Anledningarna till att kontakta en terapeut \u00e4r m\u00e5nga. De flesta som g\u00e5r i terapi har problem som upplevs sv\u00e5ra att l\u00f6sa p\u00e5 egen hand. Ofta handlar det om en stor livsf\u00f6r\u00e4ndring, l\u00e5ngvarig stress och utmattning. Det kan handla om \u00e5ngest, oro, stora konflikter, kriser, r\u00e4dslor, en f\u00f6rvr\u00e4ngd sj\u00e4lvbild och k\u00e4nslan av att man tappat kontroll [&hellip;]<\/p>\n","protected":false},"author":1,"featured_media":0,"parent":0,"menu_order":0,"comment_status":"closed","ping_status":"closed","template":"","meta":{"footnotes":""},"class_list":["post-385","page","type-page","status-publish","hentry"],"_links":{"self":[{"href":"https:\/\/www.charlas.fi\/fi\/wp-json\/wp\/v2\/pages\/385","targetHints":{"allow":["GET"]}}],"collection":[{"href":"https:\/\/www.charlas.fi\/fi\/wp-json\/wp\/v2\/pages"}],"about":[{"href":"https:\/\/www.charlas.fi\/fi\/wp-json\/wp\/v2\/types\/page"}],"author":[{"embeddable":true,"href":"https:\/\/www.charlas.fi\/fi\/wp-json\/wp\/v2\/users\/1"}],"replies":[{"embeddable":true,"href":"https:\/\/www.charlas.fi\/fi\/wp-json\/wp\/v2\/comments?post=385"}],"version-history":[{"count":2,"href":"https:\/\/www.charlas.fi\/fi\/wp-json\/wp\/v2\/pages\/385\/revisions"}],"predecessor-version":[{"id":435,"href":"https:\/\/www.charlas.fi\/fi\/wp-json\/wp\/v2\/pages\/385\/revisions\/435"}],"wp:attachment":[{"href":"https:\/\/www.charlas.fi\/fi\/wp-json\/wp\/v2\/media?parent=385"}],"curies":[{"name":"wp","href":"https:\/\/api.w.org\/{rel}","templated":true}]}}