{"id":256,"date":"2024-02-26T18:03:20","date_gmt":"2024-02-26T16:03:20","guid":{"rendered":"https:\/\/www.charlas.fi\/?page_id=256"},"modified":"2024-03-03T13:30:50","modified_gmt":"2024-03-03T11:30:50","slug":"256-2","status":"publish","type":"page","link":"https:\/\/www.charlas.fi\/fi\/256-2\/","title":{"rendered":"Tietosuojaseloste"},"content":{"rendered":"<div class=\"wp-block-group alignfull is-layout-flow wp-block-group-is-layout-flow\">\n<div class=\"wp-block-group alignfull has-global-padding is-layout-constrained wp-container-core-group-is-layout-40b5fae2 wp-block-group-is-layout-constrained\" style=\"padding-top:var(--wp--preset--spacing--superbspacing-xxlarge);padding-right:var(--wp--preset--spacing--superbspacing-small);padding-bottom:var(--wp--preset--spacing--superbspacing-xxlarge);padding-left:var(--wp--preset--spacing--superbspacing-small)\">\n<div class=\"wp-block-group is-layout-flow wp-container-core-group-is-layout-3fbca637 wp-block-group-is-layout-flow\">\n<p>T\u00e4m\u00e4 on Charlas.fi \/ Mami &amp; Majuri Oy:n (rekisterinpit\u00e4j\u00e4) tietosuojalain (1050\/2018) ja EU:n yleisen tietosuoja-asetuksen (GDPR) mukainen velvoite informoida rekister\u00f6ityj\u00e4. Laadittu 26.2.2024. (Viimeisin muutos 3.3.2024)<\/p>\n\n\n\n<p>1. Rekisterinpit\u00e4j\u00e4<\/p>\n\n\n\n<p>Charlas.fi \/ Mami &amp; Majuri Oy, Y-tunnus: 3190795-9, Tuomitie 15, 06100 Porvoo.<\/p>\n\n\n\n<p>2. Rekisterist\u00e4 vastaava yhteyshenkil\u00f6<\/p>\n\n\n\n<p>Paola Dadda, paola.dadda@charlas.fi, puhelin: 040 575 9162<\/p>\n\n\n\n<p>3. Rekisterin nimi<\/p>\n\n\n\n<p>Charlas.fi \/ Mami &amp; Majuri Oy -asiakasrekisteri<\/p>\n\n\n\n<p>4. Henkil\u00f6tietojen k\u00e4sittelyn tarkoitus<\/p>\n\n\n\n<p>EU:n yleisen tietosuoja-asetuksen mukainen oikeusperuste henkil\u00f6tietojen k\u00e4sittelylle on asiakassuhde, asiakkaan suostumus tai asiakkaan v\u00e4lisist\u00e4 sopimuksista sek\u00e4 lains\u00e4\u00e4d\u00e4nn\u00f6st\u00e4 johtuvien oikeuksien ja velvollisuuksien toteuttaminen. Rekisteriin liittyv\u00e4t sivustot: charlas.fi<\/p>\n\n\n\n<p>K\u00e4sittelemme ainoastaan niit\u00e4 tietoja, jotka olemme saaneet suoraan sinulta tehdess\u00e4si meille ajanvarauksen.<\/p>\n\n\n\n<p>Harjoittamillamme terapiamuodoilla ei ole potilasasiakirjojen kirjaamisvelvollisuutta, joten emme koskaan kirjaa terapiassa l\u00e4pik\u00e4ytyj\u00e4 asioita tai tapahtumia s\u00e4hk\u00f6isiin j\u00e4rjestelmiin. Terapeutti tekee tapaamisten aikana muistiinpanoja oman ty\u00f6skentelyns\u00e4 tueksi.<\/p>\n\n\n\n<p>5. Rekisterin tietosis\u00e4lt\u00f6<\/p>\n\n\n\n<p>Rekisterimme voi sis\u00e4lt\u00e4\u00e4 seuraavia tietoja:<\/p>\n\n\n\n<p>5.1 Asiakkaan perustiedot<\/p>\n\n\n\n<ul class=\"wp-block-list\">\n<li>nimitiedot (henkil\u00f6)<\/li>\n\n\n\n<li>osoitetiedot<\/li>\n\n\n\n<li>puhelinnumero<\/li>\n\n\n\n<li>s\u00e4hk\u00f6postiosoite<\/li>\n\n\n\n<li>www-osoite<\/li>\n\n\n\n<li>IP-osoite<\/li>\n<\/ul>\n\n\n\n<p>5.2 Asiakkuuteen liittyv\u00e4t tiedot<\/p>\n\n\n\n<p>varaamasi palvelun aika ja paikka<\/p>\n\n\n\n<p>Rekisteriin ker\u00e4t\u00e4\u00e4n tietoja:<\/p>\n\n\n\n<p>Henkil\u00f6lt\u00e4 itselt\u00e4\u00e4n. Tietoja ker\u00e4t\u00e4\u00e4n my\u00f6s Google Analytics \u2013analytiikkaty\u00f6kalun avulla.<\/p>\n\n\n\n<p>Rekisteriin tallennettavat tiedot saadaan asiakkaalta mm. s\u00e4hk\u00f6postitse, puhelimitse, sosiaalisen median palvelujen kautta, asiakastapaamisista ja muista tilanteista, joissa asiakas luovuttaa tietojaan.<\/p>\n\n\n\n<p>6. Tietojen ker\u00e4\u00e4misen ja k\u00e4sittelyn peruste<\/p>\n\n\n\n<p>Asiakkaan tietoja ker\u00e4t\u00e4\u00e4n ja k\u00e4sitell\u00e4\u00e4n asiakkaan suostumuksella ja asiakkaan kanssa teht\u00e4v\u00e4n palvelun toteuttamiseksi.<\/p>\n\n\n\n<p>7. Tietojen s\u00e4ilytysaika<\/p>\n\n\n\n<p>Henkil\u00f6tiedot s\u00e4ilytet\u00e4\u00e4n niin kauan, kun niit\u00e4 tarvitaan asiakkaan kanssa teht\u00e4v\u00e4n palvelun t\u00e4yt\u00e4nt\u00f6\u00f6npanemiseksi tai kehitt\u00e4miseksi.<br>K\u00e4ytt\u00e4j\u00e4 voi milloin tahansa poistaa tietonsa rekisterist\u00e4 kirjallisella pyynn\u00f6ll\u00e4:  paola.dadda@charlas.fi. Asiakassuhteen p\u00e4\u00e4ttymisen j\u00e4lkeen tiedot h\u00e4vitet\u00e4\u00e4n (turvaluokiteltu silppuri tai polttaminen).<\/p>\n\n\n\n<p>8. S\u00e4\u00e4nn\u00f6nmukaiset tietojen luovutukset ja tietojen siirto EU:n tai Euroopan talousalueen ulkopuolelle<\/p>\n\n\n\n<p>Tietoja ei s\u00e4\u00e4nn\u00f6nmukaisesti luovuteta yrityksen ulkopuolelle. Osa yrityksen k\u00e4ytt\u00e4mist\u00e4 ulkopuolisista palvelun- tai ohjelmistontarjoajista saattavat s\u00e4ilytt\u00e4\u00e4 tietoja EU:n tai Euroopan talousalueen ulkopuolella.<\/p>\n\n\n\n<p>9. Rekisterin suojaus<\/p>\n\n\n\n<p>Tiedot siirret\u00e4\u00e4n SSL-suojatun yhteyden ylitse.<\/p>\n\n\n\n<p>S\u00e4hk\u00f6iset tiedot on suojattu palomuurilla, k\u00e4ytt\u00e4j\u00e4tunnuksin ja salasanoin.<\/p>\n\n\n\n<p>Tietojen k\u00e4ytt\u00f6oikeus on vain niill\u00e4 rekisterinpit\u00e4j\u00e4n palveluksessa olevilla henkil\u00f6ill\u00e4, jotka tarvitsevat tietoja teht\u00e4viss\u00e4\u00e4n.<\/p>\n\n\n\n<p>10. Automaattinen p\u00e4\u00e4t\u00f6ksenteko<\/p>\n\n\n\n<p>Automatisoituja yksitt\u00e4isp\u00e4\u00e4t\u00f6ksi\u00e4 ei tehd\u00e4 (EU:n tietosuoja-asetuksen artikla 22).<\/p>\n\n\n\n<p>11. Rekister\u00f6idyn oikeudet<\/p>\n\n\n\n<p>Rekister\u00f6idyll\u00e4 on oikeus tarkastaa, mit\u00e4 h\u00e4nt\u00e4 koskevia tietoja henkil\u00f6tietorekisteriin on talletettu. Kirjallinen tarkastuspyynt\u00f6 tulee l\u00e4hett\u00e4\u00e4 allekirjoitettuna rekisteriasioista vastaavalle henkil\u00f6lle.<\/p>\n\n\n\n<p>Tarkastusoikeus on maksuton enint\u00e4\u00e4n kerran vuodessa toteutettuna.<\/p>\n\n\n\n<p>Rekister\u00f6idyll\u00e4 on oikeus vaatia virheellisten tai vanhentuneiden tietojen oikaisua tai poistamista tai tietojen siirtoa j\u00e4rjestelm\u00e4st\u00e4 toiseen. H\u00e4nell\u00e4 on my\u00f6s oikeus rajoittaa tai vastustaa tietojensa k\u00e4sittely\u00e4 EU:n tietosuoja-asetuksen artiklojen 18 ja 21 mukaisesti.<\/p>\n\n\n\n<p>Rekister\u00f6idyll\u00e4 on oikeus peruuttaa aiemmin antamansa suostumus tietojen k\u00e4sittelylle tai tehd\u00e4 henkil\u00f6tietojensa k\u00e4sittelyyn liittyvist\u00e4 seikoista valitus valvontaviranomaiselle.<\/p>\n<\/div>\n<\/div>\n<\/div>","protected":false},"excerpt":{"rendered":"<p>Detta \u00e4r Charlas.fi \/ Mami &amp; Majuri Oy:s (personuppgiftsansvarig) skyldighet att informera registrerade i enlighet med dataskyddslagen (1050\/2018) och EU:s allm\u00e4nna dataskyddsf\u00f6rordning (GDPR). (Senast \u00e4ndrad 3.3.2024). 1.Registeransvarig Charlas.fi \/ Mami &amp; Majuri Oy, FO-nummer: 3190795-9, H\u00e4ggv\u00e4gen 15, 06100 Borg\u00e5. 2. Kontaktperson som ansvarar f\u00f6r registret Paola Dadda, paola.dadda@charlas.fi, tel.: 040 575 9162 3. Registrets namn [&hellip;]<\/p>\n","protected":false},"author":1,"featured_media":0,"parent":0,"menu_order":0,"comment_status":"closed","ping_status":"closed","template":"","meta":{"footnotes":""},"class_list":["post-256","page","type-page","status-publish","hentry"],"_links":{"self":[{"href":"https:\/\/www.charlas.fi\/fi\/wp-json\/wp\/v2\/pages\/256","targetHints":{"allow":["GET"]}}],"collection":[{"href":"https:\/\/www.charlas.fi\/fi\/wp-json\/wp\/v2\/pages"}],"about":[{"href":"https:\/\/www.charlas.fi\/fi\/wp-json\/wp\/v2\/types\/page"}],"author":[{"embeddable":true,"href":"https:\/\/www.charlas.fi\/fi\/wp-json\/wp\/v2\/users\/1"}],"replies":[{"embeddable":true,"href":"https:\/\/www.charlas.fi\/fi\/wp-json\/wp\/v2\/comments?post=256"}],"version-history":[{"count":13,"href":"https:\/\/www.charlas.fi\/fi\/wp-json\/wp\/v2\/pages\/256\/revisions"}],"predecessor-version":[{"id":411,"href":"https:\/\/www.charlas.fi\/fi\/wp-json\/wp\/v2\/pages\/256\/revisions\/411"}],"wp:attachment":[{"href":"https:\/\/www.charlas.fi\/fi\/wp-json\/wp\/v2\/media?parent=256"}],"curies":[{"name":"wp","href":"https:\/\/api.w.org\/{rel}","templated":true}]}}