{"id":253,"date":"2024-02-26T17:57:56","date_gmt":"2024-02-26T15:57:56","guid":{"rendered":"https:\/\/www.charlas.fi\/?page_id=253"},"modified":"2026-01-02T14:45:21","modified_gmt":"2026-01-02T12:45:21","slug":"tjanster","status":"publish","type":"page","link":"https:\/\/www.charlas.fi\/fi\/tjanster\/","title":{"rendered":"Palvelut"},"content":{"rendered":"<div class=\"wp-block-group has-global-padding is-layout-constrained wp-block-group-is-layout-constrained\">\n<div class=\"wp-block-columns are-vertically-aligned-center is-layout-flex wp-container-core-columns-is-layout-ded22dd4 wp-block-columns-is-layout-flex\">\n<div class=\"wp-block-column is-vertically-aligned-center is-layout-flow wp-container-core-column-is-layout-e38e6d2d wp-block-column-is-layout-flow\">\n<div class=\"wp-block-group has-border-color has-base-background-color has-background has-global-padding is-layout-constrained wp-container-core-group-is-layout-c7f12940 wp-block-group-is-layout-constrained\" style=\"border-color:#D4D4D8;border-radius:0px;padding-top:var(--wp--preset--spacing--superbspacing-xsmall);padding-right:var(--wp--preset--spacing--superbspacing-xsmall);padding-bottom:var(--wp--preset--spacing--superbspacing-xsmall);padding-left:var(--wp--preset--spacing--superbspacing-xsmall)\">\n<h3 class=\"wp-block-heading has-text-align-center has-contrast-color has-text-color has-superbfont-small-font-size\"><a href=\"https:\/\/www.charlas.fi\/fi\/?page_id=153\" data-type=\"page\" data-id=\"153\"> KKT keskustelu <\/a><\/h3>\n\n\n\n<figure class=\"wp-block-image alignwide size-full is-style-rounded\"><img loading=\"lazy\" decoding=\"async\" width=\"2560\" height=\"2178\" src=\"http:\/\/www.charlas.fi\/wp-content\/uploads\/2024\/02\/terapiSV-scaled.jpg\" alt=\"KBT samtal\" class=\"wp-image-328\" srcset=\"https:\/\/www.charlas.fi\/wp-content\/uploads\/2024\/02\/terapiSV-scaled.jpg 2560w, https:\/\/www.charlas.fi\/wp-content\/uploads\/2024\/02\/terapiSV-300x255.jpg 300w, https:\/\/www.charlas.fi\/wp-content\/uploads\/2024\/02\/terapiSV-1024x871.jpg 1024w, https:\/\/www.charlas.fi\/wp-content\/uploads\/2024\/02\/terapiSV-768x653.jpg 768w, https:\/\/www.charlas.fi\/wp-content\/uploads\/2024\/02\/terapiSV-1536x1307.jpg 1536w, https:\/\/www.charlas.fi\/wp-content\/uploads\/2024\/02\/terapiSV-2048x1742.jpg 2048w\" sizes=\"auto, (max-width: 2560px) 100vw, 2560px\" \/><\/figure>\n\n\n\n<p class=\"has-text-align-center has-secondary-color has-text-color has-superbfont-xxsmall-font-size\">KKT:a voidaan k\u00e4ytt\u00e4\u00e4 yksil\u00f6n kehitykseen ja mielenterveysongelmien ennaltaehk\u00e4isyyn. <br>KKT on hyv\u00e4 ja j\u00e4sennelty menetelm\u00e4, joka tarjoaa ty\u00f6kaluja haluamiesi muutosten tekemiseen el\u00e4m\u00e4ss\u00e4si. <\/p>\n<\/div>\n<\/div>\n\n\n\n<div class=\"wp-block-column is-vertically-aligned-center is-layout-flow wp-container-core-column-is-layout-e38e6d2d wp-block-column-is-layout-flow\">\n<div class=\"wp-block-group has-border-color has-base-background-color has-background has-global-padding is-layout-constrained wp-container-core-group-is-layout-c7f12940 wp-block-group-is-layout-constrained\" style=\"border-color:#D4D4D8;border-radius:0px;padding-top:var(--wp--preset--spacing--superbspacing-xsmall);padding-right:var(--wp--preset--spacing--superbspacing-xsmall);padding-bottom:var(--wp--preset--spacing--superbspacing-xsmall);padding-left:var(--wp--preset--spacing--superbspacing-xsmall)\">\n<h3 class=\"wp-block-heading has-text-align-center has-contrast-color has-text-color has-superbfont-small-font-size\"><a href=\"https:\/\/www.charlas.fi\/fi\/?page_id=163\" data-type=\"page\" data-id=\"163\">Webterapia<\/a><\/h3>\n\n\n\n<figure class=\"wp-block-image alignwide size-large is-style-rounded\"><img loading=\"lazy\" decoding=\"async\" width=\"1024\" height=\"764\" src=\"http:\/\/www.charlas.fi\/wp-content\/uploads\/2024\/02\/Flickatfn-1024x764.jpg\" alt=\"Flicka l\u00e4ser p\u00e5 sin mobil\" class=\"wp-image-29\" srcset=\"https:\/\/www.charlas.fi\/wp-content\/uploads\/2024\/02\/Flickatfn-1024x764.jpg 1024w, https:\/\/www.charlas.fi\/wp-content\/uploads\/2024\/02\/Flickatfn-300x224.jpg 300w, https:\/\/www.charlas.fi\/wp-content\/uploads\/2024\/02\/Flickatfn-768x573.jpg 768w, https:\/\/www.charlas.fi\/wp-content\/uploads\/2024\/02\/Flickatfn-1536x1147.jpg 1536w, https:\/\/www.charlas.fi\/wp-content\/uploads\/2024\/02\/Flickatfn-2048x1529.jpg 2048w\" sizes=\"auto, (max-width: 1024px) 100vw, 1024px\" \/><\/figure>\n\n\n\n<p class=\"has-text-align-center has-secondary-color has-text-color has-superbfont-xxsmall-font-size\">Voit valita tapaamisen tai webterapia. <br>Voit my\u00f6s yhdist\u00e4\u00e4 ne molemmat. <\/p>\n<\/div>\n<\/div>\n\n\n\n<div class=\"wp-block-column is-vertically-aligned-center is-layout-flow wp-container-core-column-is-layout-e38e6d2d wp-block-column-is-layout-flow\">\n<div class=\"wp-block-group has-border-color has-base-background-color has-background has-global-padding is-layout-constrained wp-container-core-group-is-layout-c7f12940 wp-block-group-is-layout-constrained\" style=\"border-color:#D4D4D8;border-radius:0px;padding-top:var(--wp--preset--spacing--superbspacing-xsmall);padding-right:var(--wp--preset--spacing--superbspacing-xsmall);padding-bottom:var(--wp--preset--spacing--superbspacing-xsmall);padding-left:var(--wp--preset--spacing--superbspacing-xsmall)\">\n<h3 class=\"wp-block-heading has-text-align-center has-contrast-color has-text-color has-superbfont-small-font-size\"><a href=\"https:\/\/www.charlas.fi\/fi\/pmr-progressiv-muskelavslappning\/\" data-type=\"page\" data-id=\"583\">PMR <br>Progressiivinen lihasrentoutus<\/a><\/h3>\n\n\n\n<figure class=\"wp-block-image alignwide size-full is-style-rounded\"><img loading=\"lazy\" decoding=\"async\" width=\"940\" height=\"788\" src=\"http:\/\/www.charlas.fi\/wp-content\/uploads\/2025\/09\/Untitled-design.png\" alt=\"\" class=\"wp-image-590\" srcset=\"https:\/\/www.charlas.fi\/wp-content\/uploads\/2025\/09\/Untitled-design.png 940w, https:\/\/www.charlas.fi\/wp-content\/uploads\/2025\/09\/Untitled-design-300x251.png 300w\" sizes=\"auto, (max-width: 940px) 100vw, 940px\" \/><\/figure>\n\n\n\n<p class=\"has-text-align-left has-secondary-color has-text-color has-superbfont-xxsmall-font-size\">on ohjattu rentoutustekniikka, jossa eri lihasryhmi\u00e4 vuorotellen j\u00e4nnitet\u00e4\u00e4n ja rentoutetaan. Menetelm\u00e4 auttaa kehoa rauhoittumaan, v\u00e4hent\u00e4\u00e4 stressi\u00e4, huolta ja ahdistusta sek\u00e4 parantaa unen laatua.<\/p>\n<\/div>\n\n\n\n<div class=\"wp-block-group has-border-color has-base-background-color has-background has-global-padding is-layout-constrained wp-container-core-group-is-layout-c7f12940 wp-block-group-is-layout-constrained\" style=\"border-color:#D4D4D8;border-radius:0px;padding-top:var(--wp--preset--spacing--superbspacing-xsmall);padding-right:var(--wp--preset--spacing--superbspacing-xsmall);padding-bottom:var(--wp--preset--spacing--superbspacing-xsmall);padding-left:var(--wp--preset--spacing--superbspacing-xsmall)\">\n<h3 class=\"wp-block-heading has-text-align-center has-contrast-color has-text-color has-superbfont-small-font-size\"><a href=\"https:\/\/www.charlas.fi\/fi\/?page_id=142\" data-type=\"page\" data-id=\"142\">Luennot ja ty\u00f6pajat<\/a><\/h3>\n\n\n\n<figure class=\"wp-block-image alignwide size-large is-style-rounded\"><img loading=\"lazy\" decoding=\"async\" width=\"1024\" height=\"768\" src=\"http:\/\/www.charlas.fi\/wp-content\/uploads\/2024\/02\/KBt-ler-3-1024x768.jpg\" alt=\"F\u00f6rel\u00e4ser\" class=\"wp-image-150\" srcset=\"https:\/\/www.charlas.fi\/wp-content\/uploads\/2024\/02\/KBt-ler-3-1024x768.jpg 1024w, https:\/\/www.charlas.fi\/wp-content\/uploads\/2024\/02\/KBt-ler-3-300x225.jpg 300w, https:\/\/www.charlas.fi\/wp-content\/uploads\/2024\/02\/KBt-ler-3-768x576.jpg 768w, https:\/\/www.charlas.fi\/wp-content\/uploads\/2024\/02\/KBt-ler-3-1536x1152.jpg 1536w, https:\/\/www.charlas.fi\/wp-content\/uploads\/2024\/02\/KBt-ler-3-2048x1536.jpg 2048w\" sizes=\"auto, (max-width: 1024px) 100vw, 1024px\" \/><\/figure>\n\n\n\n<p class=\"has-text-align-center has-secondary-color has-text-color has-superbfont-xxsmall-font-size\">Onko jokin teema, josta haluaisitte keskustella ty\u00f6paikallasi tai koulussasi? <br>Varaa inspiroivia ty\u00f6pajoja ja luentoja jotka parantavat itsetuntemusta ja itsetuntoa. <br>R\u00e4\u00e4t\u00e4l\u00f6imme palvelun tarpeidesi mukaan. <\/p>\n<\/div>\n<\/div>\n\n\n\n<div class=\"wp-block-column is-vertically-aligned-center is-layout-flow wp-container-core-column-is-layout-e38e6d2d wp-block-column-is-layout-flow\">\n<div class=\"wp-block-group has-border-color has-base-background-color has-background has-global-padding is-layout-constrained wp-container-core-group-is-layout-c7f12940 wp-block-group-is-layout-constrained\" style=\"border-color:#D4D4D8;border-radius:0px;padding-top:var(--wp--preset--spacing--superbspacing-xsmall);padding-right:var(--wp--preset--spacing--superbspacing-xsmall);padding-bottom:var(--wp--preset--spacing--superbspacing-xsmall);padding-left:var(--wp--preset--spacing--superbspacing-xsmall)\">\n<h3 class=\"wp-block-heading has-text-align-center has-contrast-color has-text-color has-superbfont-small-font-size\">Etk\u00f6 ole varma, millaista apua tarvitset? <\/h3>\n\n\n\n<figure class=\"wp-block-image alignwide size-large is-style-rounded\"><img loading=\"lazy\" decoding=\"async\" width=\"1024\" height=\"768\" src=\"http:\/\/www.charlas.fi\/wp-content\/uploads\/2024\/02\/FlickanshanderLKSV-1024x768.jpg\" alt=\"\" class=\"wp-image-26\" srcset=\"https:\/\/www.charlas.fi\/wp-content\/uploads\/2024\/02\/FlickanshanderLKSV-1024x768.jpg 1024w, https:\/\/www.charlas.fi\/wp-content\/uploads\/2024\/02\/FlickanshanderLKSV-300x225.jpg 300w, https:\/\/www.charlas.fi\/wp-content\/uploads\/2024\/02\/FlickanshanderLKSV-768x576.jpg 768w, https:\/\/www.charlas.fi\/wp-content\/uploads\/2024\/02\/FlickanshanderLKSV-1536x1152.jpg 1536w, https:\/\/www.charlas.fi\/wp-content\/uploads\/2024\/02\/FlickanshanderLKSV-2048x1536.jpg 2048w\" sizes=\"auto, (max-width: 1024px) 100vw, 1024px\" \/><\/figure>\n\n\n\n<p class=\"has-text-align-center has-secondary-color has-text-color has-superbfont-xxsmall-font-size\"><a href=\"https:\/\/www.charlas.fi\/fi\/?page_id=159\" data-type=\"page\" data-id=\"159\">Ota yhteytt\u00e4<\/a><\/p>\n<\/div>\n<\/div>\n<\/div>\n<\/div>","protected":false},"excerpt":{"rendered":"<p>KBT samtal KBT kan anv\u00e4ndas f\u00f6r personlig utveckling samt i f\u00f6rebyggande av psykisk oh\u00e4lsa. KBT \u00e4r en bra och strukturerad metod som ger verktyg f\u00f6r att g\u00f6ra de f\u00f6r\u00e4ndringar man vill ha i sitt liv. Samtal online Du kan v\u00e4lja mellan samtal som n\u00e4rtr\u00e4ff eller online. Du kan ocks\u00e5 kombinera dem. PMR progressiv muskelavslappning en [&hellip;]<\/p>\n","protected":false},"author":1,"featured_media":0,"parent":0,"menu_order":0,"comment_status":"closed","ping_status":"closed","template":"","meta":{"footnotes":""},"class_list":["post-253","page","type-page","status-publish","hentry"],"_links":{"self":[{"href":"https:\/\/www.charlas.fi\/fi\/wp-json\/wp\/v2\/pages\/253","targetHints":{"allow":["GET"]}}],"collection":[{"href":"https:\/\/www.charlas.fi\/fi\/wp-json\/wp\/v2\/pages"}],"about":[{"href":"https:\/\/www.charlas.fi\/fi\/wp-json\/wp\/v2\/types\/page"}],"author":[{"embeddable":true,"href":"https:\/\/www.charlas.fi\/fi\/wp-json\/wp\/v2\/users\/1"}],"replies":[{"embeddable":true,"href":"https:\/\/www.charlas.fi\/fi\/wp-json\/wp\/v2\/comments?post=253"}],"version-history":[{"count":11,"href":"https:\/\/www.charlas.fi\/fi\/wp-json\/wp\/v2\/pages\/253\/revisions"}],"predecessor-version":[{"id":633,"href":"https:\/\/www.charlas.fi\/fi\/wp-json\/wp\/v2\/pages\/253\/revisions\/633"}],"wp:attachment":[{"href":"https:\/\/www.charlas.fi\/fi\/wp-json\/wp\/v2\/media?parent=253"}],"curies":[{"name":"wp","href":"https:\/\/api.w.org\/{rel}","templated":true}]}}