{"id":167,"date":"2024-02-25T20:10:27","date_gmt":"2024-02-25T18:10:27","guid":{"rendered":"https:\/\/www.charlas.fi\/?page_id=167"},"modified":"2026-01-02T10:23:25","modified_gmt":"2026-01-02T08:23:25","slug":"priser","status":"publish","type":"page","link":"https:\/\/www.charlas.fi\/fi\/priser\/","title":{"rendered":"Hinnat"},"content":{"rendered":"<p><strong>Palveluista ei ole mahdollista saada KELA korvausta<\/strong>. <br>Katso maksutavat ja peruutusehdot alla. <br><br><strong>Ilmainen konsultointi<\/strong><br>15 min<br>_________________________________<br><br><strong>KKT keskustelu <\/strong><br>50 min <br>80 \u20ac<br>_________________________________<br><br><strong>Et\u00e4vastaanotto ja terapiapalvelut online<\/strong><br>50 min <br>75 \u20ac<br>_________________________________<\/p>\n\n\n\n<p><strong>PMR (progressiivinen lihasrentoutus)<\/strong><br>45 minuuttia <br>80 \u20ac \/ k\u00e4ynti <br>_________________________________<br><br><strong>Aseta tavoitteet \u2013 keskustelu selkeyden ja suunnan tueksi<\/strong><br>3 keskustelua 170 \u20ac<br>\u2013 Aikuiset: 75\u202f\u20ac \/ k\u00e4ynti <br>3 keskustelua 215 \u20ac<br>_________________________________<\/p>\n\n\n\n<p><strong>Luennot ja ty\u00f6pajat <\/strong><br>T\u00e4m\u00e4 olen min\u00e4 -ty\u00f6paja alakouluille, 200 euroa (sis. alv). <br>Muut luennot: ota yhteytt\u00e4 ja pyyd\u00e4 tarjous. <br>________________________________<br><br><strong>MAKSUTAVAT<\/strong><br>L\u00e4het\u00e4n laskun valitsemastasi palvelusta tai keskustelusta. <br>_________________________________<\/p>\n\n\n\n<p><strong><span style=\"text-decoration: underline;\">PERUUTUSEHDOT<\/span><\/strong><br><br>Peruutus viimeist\u00e4\u00e4n <strong>7 p\u00e4iv\u00e4\u00e4 ennen<\/strong> varattua aikaa: ilmainen<\/p>\n\n\n\n<p>Peruutus <strong>48 tuntia ennen<\/strong>50 % veloitetaan<\/p>\n\n\n\n<p>Ajan siirto<br>Ilmainen siirto on mahdollista <strong>enint\u00e4\u00e4n 1 kertaa per varattu tapaaminen.<\/strong>.<br>Siirto tulee tehd\u00e4 <strong>v\u00e4hint\u00e4\u00e4n 24 tuntia ennen sovittua aikaa<\/strong><\/p>\n\n\n\n<p>Ilmoittamatta j\u00e4\u00e4minen tai peruutus lyhyemm\u00e4ll\u00e4 varoitusajalla (alle 24 tuntia ennen): t\u00e4ysi veloitus<\/p>\n\n\n\n<p><em><strong>Et\u00e4tapaamisten osalta samat s\u00e4\u00e4nn\u00f6t p\u00e4tev\u00e4t.<\/strong><\/em><br><br><br><br><\/p>\n\n\n\n<p><\/p>","protected":false},"excerpt":{"rendered":"<p>Dessa tj\u00e4nster \u00e4r inte ber\u00e4ttigade till ers\u00e4ttning fr\u00e5n FPA. Se information om betalningss\u00e4tt och avbokningsregler nedan. Gratis konsultation15 min_________________________________ KBT samtal 50 min 80 \u20ac_________________________________ Online samtal &amp; terapitj\u00e4nster50 min 75 \u20ac_________________________________ PMR \u2013 progressiv muskelavslappning45 min 80 \u20ac per session _________________________________ S\u00e4tt upp m\u00e5l \u2013 samtal f\u00f6r klarhet och riktning3 samtal 170 \u20ac&#8211; Vuxna [&hellip;]<\/p>\n","protected":false},"author":1,"featured_media":0,"parent":0,"menu_order":0,"comment_status":"closed","ping_status":"closed","template":"","meta":{"footnotes":""},"class_list":["post-167","page","type-page","status-publish","hentry"],"_links":{"self":[{"href":"https:\/\/www.charlas.fi\/fi\/wp-json\/wp\/v2\/pages\/167","targetHints":{"allow":["GET"]}}],"collection":[{"href":"https:\/\/www.charlas.fi\/fi\/wp-json\/wp\/v2\/pages"}],"about":[{"href":"https:\/\/www.charlas.fi\/fi\/wp-json\/wp\/v2\/types\/page"}],"author":[{"embeddable":true,"href":"https:\/\/www.charlas.fi\/fi\/wp-json\/wp\/v2\/users\/1"}],"replies":[{"embeddable":true,"href":"https:\/\/www.charlas.fi\/fi\/wp-json\/wp\/v2\/comments?post=167"}],"version-history":[{"count":49,"href":"https:\/\/www.charlas.fi\/fi\/wp-json\/wp\/v2\/pages\/167\/revisions"}],"predecessor-version":[{"id":632,"href":"https:\/\/www.charlas.fi\/fi\/wp-json\/wp\/v2\/pages\/167\/revisions\/632"}],"wp:attachment":[{"href":"https:\/\/www.charlas.fi\/fi\/wp-json\/wp\/v2\/media?parent=167"}],"curies":[{"name":"wp","href":"https:\/\/api.w.org\/{rel}","templated":true}]}}