{"id":163,"date":"2024-02-25T19:59:48","date_gmt":"2024-02-25T17:59:48","guid":{"rendered":"https:\/\/www.charlas.fi\/?page_id=163"},"modified":"2024-03-03T20:24:06","modified_gmt":"2024-03-03T18:24:06","slug":"samtal-online","status":"publish","type":"page","link":"https:\/\/www.charlas.fi\/fi\/samtal-online\/","title":{"rendered":"Webterapia"},"content":{"rendered":"<p>Webterapia voi olla turvallinen tapa aloittaa terapia. Tutkimukset osoittavat, ett\u00e4 terapia toimii et\u00e4n\u00e4 yht\u00e4 hyvin kuin vastaanotolla. <br>Voit p\u00e4\u00e4tt\u00e4\u00e4, miss\u00e4 istut mieluiten keskustelun aikana, ja s\u00e4\u00e4st\u00e4\u00e4 aikaa. Voit my\u00f6s yhdist\u00e4\u00e4 molemmat tapaamisen ja webterapian. <br><\/p>\n\n\n\n<figure class=\"wp-block-image size-large\"><img loading=\"lazy\" decoding=\"async\" width=\"1024\" height=\"768\" src=\"http:\/\/www.charlas.fi\/wp-content\/uploads\/2024\/02\/ungdom-1024x768.jpg\" alt=\"\" class=\"wp-image-42\" srcset=\"https:\/\/www.charlas.fi\/wp-content\/uploads\/2024\/02\/ungdom-1024x768.jpg 1024w, https:\/\/www.charlas.fi\/wp-content\/uploads\/2024\/02\/ungdom-300x225.jpg 300w, https:\/\/www.charlas.fi\/wp-content\/uploads\/2024\/02\/ungdom-768x576.jpg 768w, https:\/\/www.charlas.fi\/wp-content\/uploads\/2024\/02\/ungdom-1536x1152.jpg 1536w, https:\/\/www.charlas.fi\/wp-content\/uploads\/2024\/02\/ungdom-2048x1536.jpg 2048w\" sizes=\"auto, (max-width: 1024px) 100vw, 1024px\" \/><\/figure>","protected":false},"excerpt":{"rendered":"<p>Samtal online kan vara ett trygg s\u00e4tt f\u00f6r den som vill b\u00f6rja i terapi. Forskning visar att terapi fungerar lika bra online som i terapirummet. Du kan sj\u00e4lv best\u00e4mma var du k\u00e4nner dig bekv\u00e4m med att sitta under samtalet och du sparar tid. Du kan ocks\u00e5 kombinera b\u00e5de n\u00e4rtr\u00e4ffar och samtal online.<\/p>","protected":false},"author":1,"featured_media":0,"parent":0,"menu_order":0,"comment_status":"closed","ping_status":"closed","template":"","meta":{"footnotes":""},"class_list":["post-163","page","type-page","status-publish","hentry"],"_links":{"self":[{"href":"https:\/\/www.charlas.fi\/fi\/wp-json\/wp\/v2\/pages\/163","targetHints":{"allow":["GET"]}}],"collection":[{"href":"https:\/\/www.charlas.fi\/fi\/wp-json\/wp\/v2\/pages"}],"about":[{"href":"https:\/\/www.charlas.fi\/fi\/wp-json\/wp\/v2\/types\/page"}],"author":[{"embeddable":true,"href":"https:\/\/www.charlas.fi\/fi\/wp-json\/wp\/v2\/users\/1"}],"replies":[{"embeddable":true,"href":"https:\/\/www.charlas.fi\/fi\/wp-json\/wp\/v2\/comments?post=163"}],"version-history":[{"count":9,"href":"https:\/\/www.charlas.fi\/fi\/wp-json\/wp\/v2\/pages\/163\/revisions"}],"predecessor-version":[{"id":434,"href":"https:\/\/www.charlas.fi\/fi\/wp-json\/wp\/v2\/pages\/163\/revisions\/434"}],"wp:attachment":[{"href":"https:\/\/www.charlas.fi\/fi\/wp-json\/wp\/v2\/media?parent=163"}],"curies":[{"name":"wp","href":"https:\/\/api.w.org\/{rel}","templated":true}]}}