{"id":142,"date":"2024-02-25T19:45:35","date_gmt":"2024-02-25T17:45:35","guid":{"rendered":"https:\/\/www.charlas.fi\/?page_id=142"},"modified":"2025-05-02T09:48:01","modified_gmt":"2025-05-02T07:48:01","slug":"forelasningar-och-workshops","status":"publish","type":"page","link":"https:\/\/www.charlas.fi\/fi\/forelasningar-och-workshops\/","title":{"rendered":"Luennot ja ty\u00f6pajat"},"content":{"rendered":"<p>Kohderyhm\u00e4: lapset, nuoret, ryhm\u00e4t, ty\u00f6yhteis\u00f6t, koulut, palvelukeskukset ja j\u00e4rjest\u00f6t.<\/p>\n\n\n\n<figure class=\"wp-block-image alignleft size-large is-resized\"><img loading=\"lazy\" decoding=\"async\" width=\"1024\" height=\"768\" src=\"http:\/\/www.charlas.fi\/wp-content\/uploads\/2024\/02\/KBt-ler-3-1024x768.jpg\" alt=\"F\u00f6rel\u00e4ser\" class=\"wp-image-150\" style=\"width:388px;height:auto\" srcset=\"https:\/\/www.charlas.fi\/wp-content\/uploads\/2024\/02\/KBt-ler-3-1024x768.jpg 1024w, https:\/\/www.charlas.fi\/wp-content\/uploads\/2024\/02\/KBt-ler-3-300x225.jpg 300w, https:\/\/www.charlas.fi\/wp-content\/uploads\/2024\/02\/KBt-ler-3-768x576.jpg 768w, https:\/\/www.charlas.fi\/wp-content\/uploads\/2024\/02\/KBt-ler-3-1536x1152.jpg 1536w, https:\/\/www.charlas.fi\/wp-content\/uploads\/2024\/02\/KBt-ler-3-2048x1536.jpg 2048w\" sizes=\"auto, (max-width: 1024px) 100vw, 1024px\" \/><\/figure>\n\n\n\n<p>Valaisevia ja inspiroivia luentoja ja ty\u00f6pajoja. <br>&#8211; <strong>T\u00e4m\u00e4 olen min\u00e4<\/strong> &#8211; <br><em>Luova ty\u00f6paja lasten ja nuorten emotionaalisen hyvinvoinnin edist\u00e4miseksi.<\/em>. <br><br>&#8211; <strong>Calmarte senioreille <\/strong><br>Taiteen harrastaminen edist\u00e4\u00e4 ik\u00e4\u00e4ntyneiden hyvinvointia stimuloimalla luovuutta ja itseilmaisua.&nbsp;<br>Ty\u00f6pajan aikana teemme aktiviteetteja, jotka edist\u00e4v\u00e4t parempaa fyysist\u00e4, \u00e4lyllist\u00e4 ja emotionaalista terveytt\u00e4.<\/p>\n\n\n\n<p><\/p>\n\n\n\n<p><\/p>\n\n\n\n<p><\/p>\n\n\n\n<p><strong><a href=\"https:\/\/www.charlas.fi\/fi\/?page_id=159\" data-type=\"page\" data-id=\"159\">Ota yhteytt\u00e4: <\/a><\/strong><mark style=\"background-color:#FFFFFF\" class=\"has-inline-color has-featured-color\"><strong>Teemme luentoja asiakkaan tarpeiden ja toiveiden mukaan.<\/strong><\/mark><\/p>\n\n\n\n<p><\/p>","protected":false},"excerpt":{"rendered":"<p>M\u00e5lgrupp: barn, ungdomar, grupper, arbetsgemenskap, skolor, servicehem och organisationer. Upplysande och inspirerande f\u00f6rel\u00e4sningar och workshoppar. &#8211; Det h\u00e4r \u00e4r jag &#8211; En kreativ verkstad f\u00f6r att fr\u00e4mja barns och ungas emotionella v\u00e4lbefinnande. &#8211; CalmArte f\u00f6r \u00e4ldre: Att ut\u00f6va konst gynnar de \u00e4ldres v\u00e4lbefinnande genom att stimulera kreativitet och sj\u00e4lvuttryck.&nbsp;Under verkstaden g\u00f6r vi aktiviteter som bidrar [&hellip;]<\/p>\n","protected":false},"author":1,"featured_media":0,"parent":0,"menu_order":0,"comment_status":"closed","ping_status":"closed","template":"","meta":{"footnotes":""},"class_list":["post-142","page","type-page","status-publish","hentry"],"_links":{"self":[{"href":"https:\/\/www.charlas.fi\/fi\/wp-json\/wp\/v2\/pages\/142","targetHints":{"allow":["GET"]}}],"collection":[{"href":"https:\/\/www.charlas.fi\/fi\/wp-json\/wp\/v2\/pages"}],"about":[{"href":"https:\/\/www.charlas.fi\/fi\/wp-json\/wp\/v2\/types\/page"}],"author":[{"embeddable":true,"href":"https:\/\/www.charlas.fi\/fi\/wp-json\/wp\/v2\/users\/1"}],"replies":[{"embeddable":true,"href":"https:\/\/www.charlas.fi\/fi\/wp-json\/wp\/v2\/comments?post=142"}],"version-history":[{"count":16,"href":"https:\/\/www.charlas.fi\/fi\/wp-json\/wp\/v2\/pages\/142\/revisions"}],"predecessor-version":[{"id":504,"href":"https:\/\/www.charlas.fi\/fi\/wp-json\/wp\/v2\/pages\/142\/revisions\/504"}],"wp:attachment":[{"href":"https:\/\/www.charlas.fi\/fi\/wp-json\/wp\/v2\/media?parent=142"}],"curies":[{"name":"wp","href":"https:\/\/api.w.org\/{rel}","templated":true}]}}